{"id":2721,"date":"2026-04-12T18:34:27","date_gmt":"2026-04-12T16:34:27","guid":{"rendered":"https:\/\/komukawke.pl\/?post_type=product&#038;p=2721"},"modified":"2026-04-12T18:44:40","modified_gmt":"2026-04-12T16:44:40","slug":"sencha-mojito","status":"publish","type":"product","link":"https:\/\/komukawke.pl\/en\/product\/sencha-mojito\/","title":{"rendered":"Sencha Mojito"},"content":{"rendered":"<p data-start=\"91\" data-end=\"427\">Je\u015bli marzysz o odrobinie tropikalnego orze\u017awienia bez wychodzenia z domu, <strong data-start=\"177\" data-end=\"194\">Sencha Mojito<\/strong> zabierze Ci\u0119 w podr\u00f3\u017c prosto do serca Karaib\u00f3w. Wyobra\u017a sobie gor\u0105ce, kuba\u0144skie wieczory, pulsuj\u0105ce rytmy salsy i powiew \u015bwie\u017co\u015bci unosz\u0105cy si\u0119 w powietrzu. To w\u0142a\u015bnie ta energia zosta\u0142a zamkni\u0119ta w fili\u017cance tej wyj\u0105tkowej herbaty.<\/p>\n<p data-start=\"429\" data-end=\"731\">Baz\u0105 kompozycji jest wysokiej jako\u015bci zielona Sencha, kt\u00f3rej delikatna, ro\u015blinna nuta idealnie wsp\u00f3\u0142gra z cytrusow\u0105 \u015bwie\u017co\u015bci\u0105 sk\u00f3rki cytryny i trawy cytrynowej. Ca\u0142o\u015b\u0107 dope\u0142nia intensywnie aromatyczna mi\u0119ta, nadaj\u0105ca naparowi charakterystyczny, ch\u0142odz\u0105cy efekt \u2013 niczym klasyczne mojito w letni dzie\u0144.<\/p>\n<p data-start=\"733\" data-end=\"961\"><strong data-start=\"733\" data-end=\"750\">Sencha Mojito<\/strong> to harmonijne po\u0142\u0105czenie lekko\u015bci, \u015bwie\u017co\u015bci i subtelnej egzotyki. Ka\u017cdy \u0142yk przywo\u0142uje klimat spaceru po rozgrzanych ulicach Hawany, w\u015br\u00f3d d\u017awi\u0119k\u00f3w muzyki i zapachu cytrus\u00f3w unosz\u0105cych si\u0119 w ciep\u0142ym powietrzu.<\/p>\n<p data-start=\"963\" data-end=\"1139\" data-is-last-node=\"\" data-is-only-node=\"\">Pozw\u00f3l si\u0119 porwa\u0107 tej kompozycji \u2013 od\u015bwie\u017caj\u0105cej, energetyzuj\u0105cej i idealnej zar\u00f3wno na gor\u0105co, jak i jako baza do herbaty mro\u017conej. Poczuj smak lata zamkni\u0119ty w fili\u017cance &#x1f379;&#x1f343;<\/p>\n<p>Sk\u0142adniki: herbata zielona Sencha, sk\u00f3rka cytryny, mi\u0119ta, trawa cytrynowa, aromaty.<\/p>\n<p>Przechowywanie herbaty: Przechowywa\u0107 w szczelnym opakowaniu, w suchym i ch\u0142odnym miejscu.<\/p>\n<p data-start=\"147\" data-end=\"176\">&#x2705; <strong data-start=\"149\" data-end=\"176\">Jak najlepiej j\u0105 parzy\u0107<\/strong><\/p>\n<p data-start=\"178\" data-end=\"338\"><strong data-start=\"178\" data-end=\"190\">1. Ilo\u015b\u0107<\/strong><br data-start=\"190\" data-end=\"193\" \/>1 p\u0142aska \u0142y\u017ceczka na 200\u2013250 ml wody<br data-start=\"229\" data-end=\"232\" \/>(Sencha jest delikatna, a mi\u0119ta i cytrusy maj\u0105 gra\u0107 pierwsze skrzypce \u2014 zbyt du\u017ca ilo\u015b\u0107 mo\u017ce da\u0107 goryczk\u0119)<\/p>\n<p data-start=\"340\" data-end=\"482\"><strong data-start=\"340\" data-end=\"351\">2. Woda<\/strong><br data-start=\"351\" data-end=\"354\" \/>70\u201380\u00b0C<br data-start=\"361\" data-end=\"364\" \/>(Zbyt gor\u0105ca woda zdominuje napar i wydob\u0119dzie gorycz \u2014 ni\u017csza temperatura pozwala zachowa\u0107 \u015bwie\u017co\u015b\u0107 i lekko\u015b\u0107 mojito)<\/p>\n<p data-start=\"484\" data-end=\"504\"><strong data-start=\"484\" data-end=\"504\">3. Czas parzenia<\/strong><\/p>\n<p data-start=\"506\" data-end=\"590\">2 minuty \u2192 bardzo lekka, \u015bwie\u017ca i delikatna, z subteln\u0105 nut\u0105 mi\u0119ty i cytrus\u00f3w &#x1f34b;&#x1f33f;<\/p>\n<p data-start=\"592\" data-end=\"701\">2,5\u20133 minuty \u2192 idealny balans: soczysta cytryna, orze\u017awiaj\u0105ca mi\u0119ta i \u0142agodna, zielona baza (polecam) &#x1f343;&#x1f34b;&#x2728;<\/p>\n<p data-start=\"703\" data-end=\"814\">3,5 minuty \u2192 intensywniejsza, bardziej wytrawna, z wyra\u017aniejsz\u0105 herbacian\u0105 nut\u0105 i lekk\u0105 cytrusow\u0105 kwasowo\u015bci\u0105<\/p>\n<p data-start=\"816\" data-end=\"848\">&#x1f449; <strong data-start=\"819\" data-end=\"841\">Optimum: 2,5\u20133 min<\/strong> &#x1f343;&#x1f34b;<\/p>\n<p data-start=\"850\" data-end=\"996\" data-is-last-node=\"\" data-is-only-node=\"\">&#x1f4a1; <strong data-start=\"853\" data-end=\"861\">Tip:<\/strong> \u015awietna r\u00f3wnie\u017c na zimno \u2014 zaparz mocniej i podaj z lodem oraz \u015bwie\u017c\u0105 mi\u0119t\u0105, \u017ceby uzyska\u0107 efekt prawdziwego \u201eherbacianego mojito\u201d &#x1f9ca;&#x1f379;<\/p>","protected":false},"excerpt":{"rendered":"<p>Herbata Zielona Sencha<\/p>","protected":false},"featured_media":2729,"comment_status":"open","ping_status":"closed","template":"","meta":[],"product_brand":[],"product_cat":[33,86,19],"product_tag":[],"class_list":{"0":"post-2721","1":"product","2":"type-product","3":"status-publish","4":"has-post-thumbnail","6":"product_cat-herbaty","7":"product_cat-herbaty-zielone","8":"product_cat-nowosci","10":"first","11":"instock","12":"shipping-taxable","13":"purchasable","14":"product-type-variable","15":"has-default-attributes"},"yoast_head":"<!-- This site is optimized with the Yoast SEO plugin v27.3 - https:\/\/yoast.com\/product\/yoast-seo-wordpress\/ -->\n<title>Sencha Mojito - Komukawke<\/title>\n<meta name=\"description\" content=\"Sencha Mojito to harmonijne po\u0142\u0105czenie lekko\u015bci, \u015bwie\u017co\u015bci i subtelnej egzotyki. Ka\u017cdy \u0142yk przywo\u0142uje klimat spaceru po rozgrzanych ulicach Hawany, w\u015br\u00f3d d\u017awi\u0119k\u00f3w muzyki i zapachu cytrus\u00f3w unosz\u0105cych si\u0119 w ciep\u0142ym powietrzu.\" \/>\n<meta name=\"robots\" content=\"index, follow, max-snippet:-1, max-image-preview:large, max-video-preview:-1\" \/>\n<link rel=\"canonical\" href=\"https:\/\/komukawke.pl\/en\/product\/sencha-mojito\/\" \/>\n<meta property=\"og:locale\" content=\"en_US\" \/>\n<meta property=\"og:type\" content=\"article\" \/>\n<meta property=\"og:title\" content=\"Sencha Mojito - Komukawke\" \/>\n<meta property=\"og:description\" content=\"Sencha Mojito to harmonijne po\u0142\u0105czenie lekko\u015bci, \u015bwie\u017co\u015bci i subtelnej egzotyki. Ka\u017cdy \u0142yk przywo\u0142uje klimat spaceru po rozgrzanych ulicach Hawany, w\u015br\u00f3d d\u017awi\u0119k\u00f3w muzyki i zapachu cytrus\u00f3w unosz\u0105cych si\u0119 w ciep\u0142ym powietrzu.\" \/>\n<meta property=\"og:url\" content=\"https:\/\/komukawke.pl\/en\/product\/sencha-mojito\/\" \/>\n<meta property=\"og:site_name\" content=\"Komukawke\" \/>\n<meta property=\"article:modified_time\" content=\"2026-04-12T16:44:40+00:00\" \/>\n<meta property=\"og:image\" content=\"https:\/\/komukawke.pl\/wp-content\/uploads\/2026\/04\/20260412_181210-1.jpg\" \/>\n\t<meta property=\"og:image:width\" content=\"2000\" \/>\n\t<meta property=\"og:image:height\" content=\"2000\" \/>\n\t<meta property=\"og:image:type\" content=\"image\/jpeg\" \/>\n<script type=\"application\/ld+json\" class=\"yoast-schema-graph\">{\"@context\":\"https:\\\/\\\/schema.org\",\"@graph\":[{\"@type\":\"WebPage\",\"@id\":\"https:\\\/\\\/komukawke.pl\\\/produkt\\\/sencha-mojito\\\/\",\"url\":\"https:\\\/\\\/komukawke.pl\\\/produkt\\\/sencha-mojito\\\/\",\"name\":\"Sencha Mojito - Komukawke\",\"isPartOf\":{\"@id\":\"https:\\\/\\\/komukawke.pl\\\/#website\"},\"primaryImageOfPage\":{\"@id\":\"https:\\\/\\\/komukawke.pl\\\/produkt\\\/sencha-mojito\\\/#primaryimage\"},\"image\":{\"@id\":\"https:\\\/\\\/komukawke.pl\\\/produkt\\\/sencha-mojito\\\/#primaryimage\"},\"thumbnailUrl\":\"https:\\\/\\\/komukawke.pl\\\/wp-content\\\/uploads\\\/2026\\\/04\\\/20260412_181210-1.jpg\",\"datePublished\":\"2026-04-12T16:34:27+00:00\",\"dateModified\":\"2026-04-12T16:44:40+00:00\",\"description\":\"Sencha Mojito to harmonijne po\u0142\u0105czenie lekko\u015bci, \u015bwie\u017co\u015bci i subtelnej egzotyki. Ka\u017cdy \u0142yk przywo\u0142uje klimat spaceru po rozgrzanych ulicach Hawany, w\u015br\u00f3d d\u017awi\u0119k\u00f3w muzyki i zapachu cytrus\u00f3w unosz\u0105cych si\u0119 w ciep\u0142ym powietrzu.\",\"breadcrumb\":{\"@id\":\"https:\\\/\\\/komukawke.pl\\\/produkt\\\/sencha-mojito\\\/#breadcrumb\"},\"inLanguage\":\"en-US\",\"potentialAction\":[{\"@type\":\"ReadAction\",\"target\":[\"https:\\\/\\\/komukawke.pl\\\/produkt\\\/sencha-mojito\\\/\"]}]},{\"@type\":\"ImageObject\",\"inLanguage\":\"en-US\",\"@id\":\"https:\\\/\\\/komukawke.pl\\\/produkt\\\/sencha-mojito\\\/#primaryimage\",\"url\":\"https:\\\/\\\/komukawke.pl\\\/wp-content\\\/uploads\\\/2026\\\/04\\\/20260412_181210-1.jpg\",\"contentUrl\":\"https:\\\/\\\/komukawke.pl\\\/wp-content\\\/uploads\\\/2026\\\/04\\\/20260412_181210-1.jpg\",\"width\":2000,\"height\":2000},{\"@type\":\"BreadcrumbList\",\"@id\":\"https:\\\/\\\/komukawke.pl\\\/produkt\\\/sencha-mojito\\\/#breadcrumb\",\"itemListElement\":[{\"@type\":\"ListItem\",\"position\":1,\"name\":\"Strona g\u0142\u00f3wna\",\"item\":\"https:\\\/\\\/komukawke.pl\\\/\"},{\"@type\":\"ListItem\",\"position\":2,\"name\":\"Sklep\",\"item\":\"https:\\\/\\\/komukawke.pl\\\/sklep\\\/\"},{\"@type\":\"ListItem\",\"position\":3,\"name\":\"Sencha Mojito\"}]},{\"@type\":\"WebSite\",\"@id\":\"https:\\\/\\\/komukawke.pl\\\/#website\",\"url\":\"https:\\\/\\\/komukawke.pl\\\/\",\"name\":\"Komukawke\",\"description\":\"Jeste\u015bmy pasjonatami kawy, herbaty i yerba mate, oferuj\u0105c najwy\u017csz\u0105 jako\u015b\u0107 i bogactwo smak\u00f3w prosto z serca najlepszych plantacji.\",\"potentialAction\":[{\"@type\":\"SearchAction\",\"target\":{\"@type\":\"EntryPoint\",\"urlTemplate\":\"https:\\\/\\\/komukawke.pl\\\/?s={search_term_string}\"},\"query-input\":{\"@type\":\"PropertyValueSpecification\",\"valueRequired\":true,\"valueName\":\"search_term_string\"}}],\"inLanguage\":\"en-US\"}]}<\/script>\n<!-- \/ Yoast SEO plugin. -->","yoast_head_json":{"title":"Sencha Mojito - Komukawke","description":"Sencha Mojito to harmonijne po\u0142\u0105czenie lekko\u015bci, \u015bwie\u017co\u015bci i subtelnej egzotyki. Ka\u017cdy \u0142yk przywo\u0142uje klimat spaceru po rozgrzanych ulicach Hawany, w\u015br\u00f3d d\u017awi\u0119k\u00f3w muzyki i zapachu cytrus\u00f3w unosz\u0105cych si\u0119 w ciep\u0142ym powietrzu.","robots":{"index":"index","follow":"follow","max-snippet":"max-snippet:-1","max-image-preview":"max-image-preview:large","max-video-preview":"max-video-preview:-1"},"canonical":"https:\/\/komukawke.pl\/en\/product\/sencha-mojito\/","og_locale":"en_US","og_type":"article","og_title":"Sencha Mojito - Komukawke","og_description":"Sencha Mojito to harmonijne po\u0142\u0105czenie lekko\u015bci, \u015bwie\u017co\u015bci i subtelnej egzotyki. Ka\u017cdy \u0142yk przywo\u0142uje klimat spaceru po rozgrzanych ulicach Hawany, w\u015br\u00f3d d\u017awi\u0119k\u00f3w muzyki i zapachu cytrus\u00f3w unosz\u0105cych si\u0119 w ciep\u0142ym powietrzu.","og_url":"https:\/\/komukawke.pl\/en\/product\/sencha-mojito\/","og_site_name":"Komukawke","article_modified_time":"2026-04-12T16:44:40+00:00","og_image":[{"width":2000,"height":2000,"url":"https:\/\/komukawke.pl\/wp-content\/uploads\/2026\/04\/20260412_181210-1.jpg","type":"image\/jpeg"}],"schema":{"@context":"https:\/\/schema.org","@graph":[{"@type":"WebPage","@id":"https:\/\/komukawke.pl\/produkt\/sencha-mojito\/","url":"https:\/\/komukawke.pl\/produkt\/sencha-mojito\/","name":"Sencha Mojito - Komukawke","isPartOf":{"@id":"https:\/\/komukawke.pl\/#website"},"primaryImageOfPage":{"@id":"https:\/\/komukawke.pl\/produkt\/sencha-mojito\/#primaryimage"},"image":{"@id":"https:\/\/komukawke.pl\/produkt\/sencha-mojito\/#primaryimage"},"thumbnailUrl":"https:\/\/komukawke.pl\/wp-content\/uploads\/2026\/04\/20260412_181210-1.jpg","datePublished":"2026-04-12T16:34:27+00:00","dateModified":"2026-04-12T16:44:40+00:00","description":"Sencha Mojito to harmonijne po\u0142\u0105czenie lekko\u015bci, \u015bwie\u017co\u015bci i subtelnej egzotyki. Ka\u017cdy \u0142yk przywo\u0142uje klimat spaceru po rozgrzanych ulicach Hawany, w\u015br\u00f3d d\u017awi\u0119k\u00f3w muzyki i zapachu cytrus\u00f3w unosz\u0105cych si\u0119 w ciep\u0142ym powietrzu.","breadcrumb":{"@id":"https:\/\/komukawke.pl\/produkt\/sencha-mojito\/#breadcrumb"},"inLanguage":"en-US","potentialAction":[{"@type":"ReadAction","target":["https:\/\/komukawke.pl\/produkt\/sencha-mojito\/"]}]},{"@type":"ImageObject","inLanguage":"en-US","@id":"https:\/\/komukawke.pl\/produkt\/sencha-mojito\/#primaryimage","url":"https:\/\/komukawke.pl\/wp-content\/uploads\/2026\/04\/20260412_181210-1.jpg","contentUrl":"https:\/\/komukawke.pl\/wp-content\/uploads\/2026\/04\/20260412_181210-1.jpg","width":2000,"height":2000},{"@type":"BreadcrumbList","@id":"https:\/\/komukawke.pl\/produkt\/sencha-mojito\/#breadcrumb","itemListElement":[{"@type":"ListItem","position":1,"name":"Strona g\u0142\u00f3wna","item":"https:\/\/komukawke.pl\/"},{"@type":"ListItem","position":2,"name":"Sklep","item":"https:\/\/komukawke.pl\/sklep\/"},{"@type":"ListItem","position":3,"name":"Sencha Mojito"}]},{"@type":"WebSite","@id":"https:\/\/komukawke.pl\/#website","url":"https:\/\/komukawke.pl\/","name":"Komukawke","description":"Jeste\u015bmy pasjonatami kawy, herbaty i yerba mate, oferuj\u0105c najwy\u017csz\u0105 jako\u015b\u0107 i bogactwo smak\u00f3w prosto z serca najlepszych plantacji.","potentialAction":[{"@type":"SearchAction","target":{"@type":"EntryPoint","urlTemplate":"https:\/\/komukawke.pl\/?s={search_term_string}"},"query-input":{"@type":"PropertyValueSpecification","valueRequired":true,"valueName":"search_term_string"}}],"inLanguage":"en-US"}]}},"_links":{"self":[{"href":"https:\/\/komukawke.pl\/en\/wp-json\/wp\/v2\/product\/2721","targetHints":{"allow":["GET"]}}],"collection":[{"href":"https:\/\/komukawke.pl\/en\/wp-json\/wp\/v2\/product"}],"about":[{"href":"https:\/\/komukawke.pl\/en\/wp-json\/wp\/v2\/types\/product"}],"replies":[{"embeddable":true,"href":"https:\/\/komukawke.pl\/en\/wp-json\/wp\/v2\/comments?post=2721"}],"wp:featuredmedia":[{"embeddable":true,"href":"https:\/\/komukawke.pl\/en\/wp-json\/wp\/v2\/media\/2729"}],"wp:attachment":[{"href":"https:\/\/komukawke.pl\/en\/wp-json\/wp\/v2\/media?parent=2721"}],"wp:term":[{"taxonomy":"product_brand","embeddable":true,"href":"https:\/\/komukawke.pl\/en\/wp-json\/wp\/v2\/product_brand?post=2721"},{"taxonomy":"product_cat","embeddable":true,"href":"https:\/\/komukawke.pl\/en\/wp-json\/wp\/v2\/product_cat?post=2721"},{"taxonomy":"product_tag","embeddable":true,"href":"https:\/\/komukawke.pl\/en\/wp-json\/wp\/v2\/product_tag?post=2721"}],"curies":[{"name":"wp","href":"https:\/\/api.w.org\/{rel}","templated":true}]}}