{"id":2733,"date":"2026-04-13T23:26:40","date_gmt":"2026-04-13T21:26:40","guid":{"rendered":"https:\/\/komukawke.pl\/?post_type=product&#038;p=2733"},"modified":"2026-04-13T23:26:40","modified_gmt":"2026-04-13T21:26:40","slug":"brzoskwiniowa-ice-tea","status":"publish","type":"product","link":"https:\/\/komukawke.pl\/en\/product\/brzoskwiniowa-ice-tea\/","title":{"rendered":"Brzoskwiniowa Ice Tea"},"content":{"rendered":"<p data-start=\"0\" data-end=\"255\">Skwar leje si\u0119 z nieba, a zwyk\u0142a woda przestaje ju\u017c wystarcza\u0107? Czas na co\u015b, co naprawd\u0119 przynosi ulg\u0119 i smakuje jak lato w najlepszym wydaniu. <strong data-start=\"144\" data-end=\"169\">Brzoskwiniowa Ice Tea<\/strong> to idealna propozycja na gor\u0105ce dni \u2013 lekka, orze\u017awiaj\u0105ca i pe\u0142na owocowej \u015bwie\u017co\u015bci.<\/p>\n<p data-start=\"257\" data-end=\"616\">Stworzona z my\u015bl\u0105 o chwilach, gdy potrzebujesz och\u0142ody, \u0142\u0105czy w sobie delikatno\u015b\u0107 zielonej herbaty Sencha i subtelno\u015b\u0107 bia\u0142ej Pai Mu Tan. Ca\u0142o\u015b\u0107 dope\u0142nia soczysta nuta brzoskwini, kt\u00f3ra nadaje naparowi przyjemnie s\u0142odki, letni charakter. Ju\u017c sam jej wygl\u0105d zachwyca \u2013 feeria ciep\u0142ych, s\u0142onecznych barw przywo\u0142uje wakacyjny klimat i zach\u0119ca do pierwszego \u0142yku.<\/p>\n<p data-start=\"618\" data-end=\"817\">Najlepiej smakuje na zimno \u2013 zaparz, ostud\u017a, dodaj kostki lodu i pozw\u00f3l sobie na chwil\u0119 orze\u017awienia. To nie tylko spos\u00f3b na nawodnienie, ale te\u017c ma\u0142a przyjemno\u015b\u0107, kt\u00f3ra uprzyjemni ka\u017cdy upalny dzie\u0144.<\/p>\n<p data-start=\"819\" data-end=\"944\" data-is-last-node=\"\" data-is-only-node=\"\"><strong data-start=\"819\" data-end=\"833\">Sk\u0142adniki:<\/strong> herbata zielona Sencha, herbata bia\u0142a Pai Mu Tan, aromat, brzoskwinia liofilizowana, krokosz, p\u0142atki nagietka.<\/p>\n<section class=\"text-token-text-primary w-full focus:outline-none [--shadow-height:45px] has-data-writing-block:pointer-events-none has-data-writing-block:-mt-(--shadow-height) has-data-writing-block:pt-(--shadow-height) [&amp;:has([data-writing-block])&gt;*]:pointer-events-auto [content-visibility:auto] supports-[content-visibility:auto]:[contain-intrinsic-size:auto_100lvh] R6Vx5W_threadScrollVars scroll-mb-[calc(var(--scroll-root-safe-area-inset-bottom,0px)+var(--thread-response-height))] scroll-mt-[calc(var(--header-height)+min(200px,max(70px,20svh)))]\" dir=\"auto\" data-turn-id=\"request-WEB:4a8576d8-95f7-4279-9386-36f63a141bc4-2\" data-testid=\"conversation-turn-6\" data-scroll-anchor=\"false\" data-turn=\"assistant\">\n<div class=\"text-base my-auto mx-auto pb-10 [--thread-content-margin:var(--thread-content-margin-xs,calc(var(--spacing)*4))] @w-sm\/main:[--thread-content-margin:var(--thread-content-margin-sm,calc(var(--spacing)*6))] @w-lg\/main:[--thread-content-margin:var(--thread-content-margin-lg,calc(var(--spacing)*16))] px-(--thread-content-margin)\">\n<div class=\"[--thread-content-max-width:40rem] @w-lg\/main:[--thread-content-max-width:48rem] mx-auto max-w-(--thread-content-max-width) flex-1 group\/turn-messages focus-visible:outline-hidden relative flex w-full min-w-0 flex-col agent-turn\">\n<div class=\"flex max-w-full flex-col gap-4 grow\">\n<div class=\"min-h-8 text-message relative flex w-full flex-col items-end gap-2 text-start break-words whitespace-normal outline-none keyboard-focused:focus-ring [.text-message+&amp;]:mt-1\" dir=\"auto\" tabindex=\"0\" data-message-author-role=\"assistant\" data-message-id=\"c7725516-b40d-49b9-9e64-4fd15eacc944\" data-message-model-slug=\"gpt-5-3\" data-turn-start-message=\"true\">\n<div class=\"flex w-full flex-col gap-1 empty:hidden\">\n<div class=\"markdown prose dark:prose-invert w-full wrap-break-word light markdown-new-styling\">\n<p data-start=\"99\" data-end=\"128\">&#x2705; <strong data-start=\"101\" data-end=\"128\">Jak najlepiej j\u0105 parzy\u0107<\/strong><\/p>\n<p data-start=\"130\" data-end=\"334\"><strong data-start=\"130\" data-end=\"142\">1. Ilo\u015b\u0107<\/strong><br data-start=\"142\" data-end=\"145\" \/>1 p\u0142aska \u0142y\u017ceczka na 200\u2013250 ml wody<br data-start=\"181\" data-end=\"184\" \/>(Delikatna baza z zielonej i bia\u0142ej herbaty potrzebuje umiaru \u2014 zbyt du\u017ca ilo\u015b\u0107 mo\u017ce wprowadzi\u0107 niepotrzebn\u0105 gorycz i przyt\u0142umi\u0107 soczyst\u0105 brzoskwini\u0119)<\/p>\n<p data-start=\"336\" data-end=\"494\"><strong data-start=\"336\" data-end=\"347\">2. Woda<\/strong><br data-start=\"347\" data-end=\"350\" \/>70\u201380\u00b0C<br data-start=\"357\" data-end=\"360\" \/>(Zbyt gor\u0105ca woda zdominuje napar i wydob\u0119dzie gorycz \u2014 ni\u017csza temperatura pozwala zachowa\u0107 lekko\u015b\u0107 i naturaln\u0105 s\u0142odycz brzoskwini &#x1f351;)<\/p>\n<p data-start=\"496\" data-end=\"516\"><strong data-start=\"496\" data-end=\"516\">3. Czas parzenia<\/strong><\/p>\n<p data-start=\"518\" data-end=\"594\">2 minuty \u2192 bardzo lekka, \u015bwie\u017ca i subtelna, z delikatn\u0105, owocow\u0105 nut\u0105 &#x1f343;&#x1f351;<\/p>\n<p data-start=\"596\" data-end=\"700\">2,5\u20133 minuty \u2192 idealny balans: soczysta brzoskwinia, \u0142agodna herbata i przyjemna s\u0142odycz (polecam) &#x1f351;&#x2728;<\/p>\n<p data-start=\"702\" data-end=\"806\">3,5 minuty \u2192 bardziej wyrazista, lekko wytrawna, z mocniejsz\u0105 herbacian\u0105 baz\u0105 i mniej owocow\u0105 s\u0142odycz\u0105<\/p>\n<p data-start=\"808\" data-end=\"838\">&#x1f449; <strong data-start=\"811\" data-end=\"833\">Optimum: 2,5\u20133 min<\/strong> &#x1f351;&#x1f9ca;<\/p>\n<hr data-start=\"840\" data-end=\"843\" \/>\n<p data-start=\"845\" data-end=\"1050\" data-is-last-node=\"\" data-is-only-node=\"\">&#x1f4a1; <strong data-start=\"848\" data-end=\"856\">Tip:<\/strong> Najlepsza jako Ice Tea \u2014 zaparz, ostud\u017a, dodaj kostki lodu i kawa\u0142ki \u015bwie\u017cej brzoskwini &#x1f351;&#x1f9ca;<br data-start=\"949\" data-end=\"952\" \/>Dla ekstra efektu mo\u017cesz dorzuci\u0107 listek mi\u0119ty \u2014 podbije \u015bwie\u017co\u015b\u0107 i nada wakacyjnego charakteru &#x1f33f;<\/p>\n<\/div>\n<\/div>\n<\/div>\n<\/div>\n<\/div>\n<\/div>\n<\/section>\n","protected":false},"excerpt":{"rendered":"<p>Letnie Ice Tea<\/p>","protected":false},"featured_media":2734,"comment_status":"open","ping_status":"closed","template":"","meta":[],"product_brand":[],"product_cat":[17,33,87,86,19],"product_tag":[],"class_list":{"0":"post-2733","1":"product","2":"type-product","3":"status-publish","4":"has-post-thumbnail","6":"product_cat-bestsellery","7":"product_cat-herbaty","8":"product_cat-herbaty-biale","9":"product_cat-herbaty-zielone","10":"product_cat-nowosci","12":"first","13":"instock","14":"shipping-taxable","15":"purchasable","16":"product-type-variable","17":"has-default-attributes"},"yoast_head":"<!-- This site is optimized with the Yoast SEO plugin v27.3 - https:\/\/yoast.com\/product\/yoast-seo-wordpress\/ -->\n<title>Brzoskwiniowa Ice Tea - Komukawke<\/title>\n<meta name=\"description\" content=\"Stworzona z my\u015bl\u0105 o chwilach, gdy potrzebujesz och\u0142ody, \u0142\u0105czy w sobie delikatno\u015b\u0107 zielonej herbaty Sencha i subtelno\u015b\u0107 bia\u0142ej Pai Mu Tan.\" \/>\n<meta name=\"robots\" content=\"index, follow, max-snippet:-1, max-image-preview:large, max-video-preview:-1\" \/>\n<link rel=\"canonical\" href=\"https:\/\/komukawke.pl\/en\/product\/brzoskwiniowa-ice-tea\/\" \/>\n<meta property=\"og:locale\" content=\"en_US\" \/>\n<meta property=\"og:type\" content=\"article\" \/>\n<meta property=\"og:title\" content=\"Brzoskwiniowa Ice Tea - Komukawke\" \/>\n<meta property=\"og:description\" content=\"Stworzona z my\u015bl\u0105 o chwilach, gdy potrzebujesz och\u0142ody, \u0142\u0105czy w sobie delikatno\u015b\u0107 zielonej herbaty Sencha i subtelno\u015b\u0107 bia\u0142ej Pai Mu Tan.\" \/>\n<meta property=\"og:url\" content=\"https:\/\/komukawke.pl\/en\/product\/brzoskwiniowa-ice-tea\/\" \/>\n<meta property=\"og:site_name\" content=\"Komukawke\" \/>\n<meta property=\"og:image\" content=\"https:\/\/komukawke.pl\/wp-content\/uploads\/2026\/04\/h77-Ice-Tea-Brzoskwinia.jpg\" \/>\n\t<meta property=\"og:image:width\" content=\"2000\" \/>\n\t<meta property=\"og:image:height\" content=\"2000\" \/>\n\t<meta property=\"og:image:type\" content=\"image\/jpeg\" \/>\n<script type=\"application\/ld+json\" class=\"yoast-schema-graph\">{\"@context\":\"https:\\\/\\\/schema.org\",\"@graph\":[{\"@type\":\"WebPage\",\"@id\":\"https:\\\/\\\/komukawke.pl\\\/produkt\\\/brzoskwiniowa-ice-tea\\\/\",\"url\":\"https:\\\/\\\/komukawke.pl\\\/produkt\\\/brzoskwiniowa-ice-tea\\\/\",\"name\":\"Brzoskwiniowa Ice Tea - Komukawke\",\"isPartOf\":{\"@id\":\"https:\\\/\\\/komukawke.pl\\\/#website\"},\"primaryImageOfPage\":{\"@id\":\"https:\\\/\\\/komukawke.pl\\\/produkt\\\/brzoskwiniowa-ice-tea\\\/#primaryimage\"},\"image\":{\"@id\":\"https:\\\/\\\/komukawke.pl\\\/produkt\\\/brzoskwiniowa-ice-tea\\\/#primaryimage\"},\"thumbnailUrl\":\"https:\\\/\\\/komukawke.pl\\\/wp-content\\\/uploads\\\/2026\\\/04\\\/h77-Ice-Tea-Brzoskwinia.jpg\",\"datePublished\":\"2026-04-13T21:26:40+00:00\",\"description\":\"Stworzona z my\u015bl\u0105 o chwilach, gdy potrzebujesz och\u0142ody, \u0142\u0105czy w sobie delikatno\u015b\u0107 zielonej herbaty Sencha i subtelno\u015b\u0107 bia\u0142ej Pai Mu Tan.\",\"breadcrumb\":{\"@id\":\"https:\\\/\\\/komukawke.pl\\\/produkt\\\/brzoskwiniowa-ice-tea\\\/#breadcrumb\"},\"inLanguage\":\"en-US\",\"potentialAction\":[{\"@type\":\"ReadAction\",\"target\":[\"https:\\\/\\\/komukawke.pl\\\/produkt\\\/brzoskwiniowa-ice-tea\\\/\"]}]},{\"@type\":\"ImageObject\",\"inLanguage\":\"en-US\",\"@id\":\"https:\\\/\\\/komukawke.pl\\\/produkt\\\/brzoskwiniowa-ice-tea\\\/#primaryimage\",\"url\":\"https:\\\/\\\/komukawke.pl\\\/wp-content\\\/uploads\\\/2026\\\/04\\\/h77-Ice-Tea-Brzoskwinia.jpg\",\"contentUrl\":\"https:\\\/\\\/komukawke.pl\\\/wp-content\\\/uploads\\\/2026\\\/04\\\/h77-Ice-Tea-Brzoskwinia.jpg\",\"width\":2000,\"height\":2000},{\"@type\":\"BreadcrumbList\",\"@id\":\"https:\\\/\\\/komukawke.pl\\\/produkt\\\/brzoskwiniowa-ice-tea\\\/#breadcrumb\",\"itemListElement\":[{\"@type\":\"ListItem\",\"position\":1,\"name\":\"Strona g\u0142\u00f3wna\",\"item\":\"https:\\\/\\\/komukawke.pl\\\/\"},{\"@type\":\"ListItem\",\"position\":2,\"name\":\"Sklep\",\"item\":\"https:\\\/\\\/komukawke.pl\\\/sklep\\\/\"},{\"@type\":\"ListItem\",\"position\":3,\"name\":\"Brzoskwiniowa Ice Tea\"}]},{\"@type\":\"WebSite\",\"@id\":\"https:\\\/\\\/komukawke.pl\\\/#website\",\"url\":\"https:\\\/\\\/komukawke.pl\\\/\",\"name\":\"Komukawke\",\"description\":\"Jeste\u015bmy pasjonatami kawy, herbaty i yerba mate, oferuj\u0105c najwy\u017csz\u0105 jako\u015b\u0107 i bogactwo smak\u00f3w prosto z serca najlepszych plantacji.\",\"potentialAction\":[{\"@type\":\"SearchAction\",\"target\":{\"@type\":\"EntryPoint\",\"urlTemplate\":\"https:\\\/\\\/komukawke.pl\\\/?s={search_term_string}\"},\"query-input\":{\"@type\":\"PropertyValueSpecification\",\"valueRequired\":true,\"valueName\":\"search_term_string\"}}],\"inLanguage\":\"en-US\"}]}<\/script>\n<!-- \/ Yoast SEO plugin. -->","yoast_head_json":{"title":"Brzoskwiniowa Ice Tea - Komukawke","description":"Stworzona z my\u015bl\u0105 o chwilach, gdy potrzebujesz och\u0142ody, \u0142\u0105czy w sobie delikatno\u015b\u0107 zielonej herbaty Sencha i subtelno\u015b\u0107 bia\u0142ej Pai Mu Tan.","robots":{"index":"index","follow":"follow","max-snippet":"max-snippet:-1","max-image-preview":"max-image-preview:large","max-video-preview":"max-video-preview:-1"},"canonical":"https:\/\/komukawke.pl\/en\/product\/brzoskwiniowa-ice-tea\/","og_locale":"en_US","og_type":"article","og_title":"Brzoskwiniowa Ice Tea - Komukawke","og_description":"Stworzona z my\u015bl\u0105 o chwilach, gdy potrzebujesz och\u0142ody, \u0142\u0105czy w sobie delikatno\u015b\u0107 zielonej herbaty Sencha i subtelno\u015b\u0107 bia\u0142ej Pai Mu Tan.","og_url":"https:\/\/komukawke.pl\/en\/product\/brzoskwiniowa-ice-tea\/","og_site_name":"Komukawke","og_image":[{"width":2000,"height":2000,"url":"https:\/\/komukawke.pl\/wp-content\/uploads\/2026\/04\/h77-Ice-Tea-Brzoskwinia.jpg","type":"image\/jpeg"}],"schema":{"@context":"https:\/\/schema.org","@graph":[{"@type":"WebPage","@id":"https:\/\/komukawke.pl\/produkt\/brzoskwiniowa-ice-tea\/","url":"https:\/\/komukawke.pl\/produkt\/brzoskwiniowa-ice-tea\/","name":"Brzoskwiniowa Ice Tea - Komukawke","isPartOf":{"@id":"https:\/\/komukawke.pl\/#website"},"primaryImageOfPage":{"@id":"https:\/\/komukawke.pl\/produkt\/brzoskwiniowa-ice-tea\/#primaryimage"},"image":{"@id":"https:\/\/komukawke.pl\/produkt\/brzoskwiniowa-ice-tea\/#primaryimage"},"thumbnailUrl":"https:\/\/komukawke.pl\/wp-content\/uploads\/2026\/04\/h77-Ice-Tea-Brzoskwinia.jpg","datePublished":"2026-04-13T21:26:40+00:00","description":"Stworzona z my\u015bl\u0105 o chwilach, gdy potrzebujesz och\u0142ody, \u0142\u0105czy w sobie delikatno\u015b\u0107 zielonej herbaty Sencha i subtelno\u015b\u0107 bia\u0142ej Pai Mu Tan.","breadcrumb":{"@id":"https:\/\/komukawke.pl\/produkt\/brzoskwiniowa-ice-tea\/#breadcrumb"},"inLanguage":"en-US","potentialAction":[{"@type":"ReadAction","target":["https:\/\/komukawke.pl\/produkt\/brzoskwiniowa-ice-tea\/"]}]},{"@type":"ImageObject","inLanguage":"en-US","@id":"https:\/\/komukawke.pl\/produkt\/brzoskwiniowa-ice-tea\/#primaryimage","url":"https:\/\/komukawke.pl\/wp-content\/uploads\/2026\/04\/h77-Ice-Tea-Brzoskwinia.jpg","contentUrl":"https:\/\/komukawke.pl\/wp-content\/uploads\/2026\/04\/h77-Ice-Tea-Brzoskwinia.jpg","width":2000,"height":2000},{"@type":"BreadcrumbList","@id":"https:\/\/komukawke.pl\/produkt\/brzoskwiniowa-ice-tea\/#breadcrumb","itemListElement":[{"@type":"ListItem","position":1,"name":"Strona g\u0142\u00f3wna","item":"https:\/\/komukawke.pl\/"},{"@type":"ListItem","position":2,"name":"Sklep","item":"https:\/\/komukawke.pl\/sklep\/"},{"@type":"ListItem","position":3,"name":"Brzoskwiniowa Ice Tea"}]},{"@type":"WebSite","@id":"https:\/\/komukawke.pl\/#website","url":"https:\/\/komukawke.pl\/","name":"Komukawke","description":"Jeste\u015bmy pasjonatami kawy, herbaty i yerba mate, oferuj\u0105c najwy\u017csz\u0105 jako\u015b\u0107 i bogactwo smak\u00f3w prosto z serca najlepszych plantacji.","potentialAction":[{"@type":"SearchAction","target":{"@type":"EntryPoint","urlTemplate":"https:\/\/komukawke.pl\/?s={search_term_string}"},"query-input":{"@type":"PropertyValueSpecification","valueRequired":true,"valueName":"search_term_string"}}],"inLanguage":"en-US"}]}},"_links":{"self":[{"href":"https:\/\/komukawke.pl\/en\/wp-json\/wp\/v2\/product\/2733","targetHints":{"allow":["GET"]}}],"collection":[{"href":"https:\/\/komukawke.pl\/en\/wp-json\/wp\/v2\/product"}],"about":[{"href":"https:\/\/komukawke.pl\/en\/wp-json\/wp\/v2\/types\/product"}],"replies":[{"embeddable":true,"href":"https:\/\/komukawke.pl\/en\/wp-json\/wp\/v2\/comments?post=2733"}],"wp:featuredmedia":[{"embeddable":true,"href":"https:\/\/komukawke.pl\/en\/wp-json\/wp\/v2\/media\/2734"}],"wp:attachment":[{"href":"https:\/\/komukawke.pl\/en\/wp-json\/wp\/v2\/media?parent=2733"}],"wp:term":[{"taxonomy":"product_brand","embeddable":true,"href":"https:\/\/komukawke.pl\/en\/wp-json\/wp\/v2\/product_brand?post=2733"},{"taxonomy":"product_cat","embeddable":true,"href":"https:\/\/komukawke.pl\/en\/wp-json\/wp\/v2\/product_cat?post=2733"},{"taxonomy":"product_tag","embeddable":true,"href":"https:\/\/komukawke.pl\/en\/wp-json\/wp\/v2\/product_tag?post=2733"}],"curies":[{"name":"wp","href":"https:\/\/api.w.org\/{rel}","templated":true}]}}